{"id":37,"date":"2023-02-09T22:15:55","date_gmt":"2023-02-09T21:15:55","guid":{"rendered":"https:\/\/www.landfjardens.se\/?page_id=37"},"modified":"2023-02-10T15:36:47","modified_gmt":"2023-02-10T14:36:47","slug":"kontakt","status":"publish","type":"page","link":"https:\/\/www.landfjardens.se\/?page_id=37","title":{"rendered":"Kontakt"},"content":{"rendered":"\n<p>Landfj\u00e4rdens Entreprenad AB<br>Springtorpsv\u00e4gen 4<br>148 93 Landfj\u00e4rden<br>Tel: 070-577 13 67<br><a href=\"mailto:kenneth@landfjardens.se\">kenneth@landfjardens.se<\/a><\/p>\n\n\n\n<p><\/p>\n","protected":false},"excerpt":{"rendered":"<p>Landfj\u00e4rdens Entreprenad ABSpringtorpsv\u00e4gen 4148 93 Landfj\u00e4rdenTel: 070-577 13 67kenneth@landfjardens.se<\/p>\n","protected":false},"author":1,"featured_media":0,"parent":0,"menu_order":0,"comment_status":"closed","ping_status":"closed","template":"","meta":{"_mi_skip_tracking":false,"ngg_post_thumbnail":0},"featured_image_urls":{"full":"","thumbnail":"","medium":"","medium_large":"","large":"","1536x1536":"","2048x2048":"","featured":"","100":"","frontpage-thumbnail":""},"post_excerpt_stackable":"<p>Landfj\u00e4rdens Entreprenad ABSpringtorpsv\u00e4gen 4148 93 Landfj\u00e4rdenTel: 070-577 13 67kenneth@landfjardens.se<\/p>\n","category_list":"","author_info":{"name":"@landfjardens","url":"https:\/\/www.landfjardens.se\/?author=1"},"comments_num":"0 comments","yoast_head":"<!-- This site is optimized with the Yoast SEO plugin v20.4 - https:\/\/yoast.com\/wordpress\/plugins\/seo\/ -->\n<title>Kontakt - Landfj\u00e4rdens Entreprenad AB<\/title>\n<meta name=\"description\" content=\"Kontakta oss f\u00f6r diskussioner om hur vi kan hj\u00e4lpa Er.\" \/>\n<meta name=\"robots\" content=\"index, follow, max-snippet:-1, max-image-preview:large, max-video-preview:-1\" \/>\n<link rel=\"canonical\" href=\"https:\/\/www.landfjardens.se\/?page_id=37\" \/>\n<meta property=\"og:locale\" content=\"sv_SE\" \/>\n<meta property=\"og:type\" content=\"article\" \/>\n<meta property=\"og:title\" content=\"Kontakt - Landfj\u00e4rdens Entreprenad AB\" \/>\n<meta property=\"og:description\" content=\"Kontakta oss f\u00f6r diskussioner om hur vi kan hj\u00e4lpa Er.\" \/>\n<meta property=\"og:url\" content=\"https:\/\/www.landfjardens.se\/?page_id=37\" \/>\n<meta property=\"og:site_name\" content=\"Landfj\u00e4rdens Entreprenad AB\" \/>\n<meta property=\"article:modified_time\" content=\"2023-02-10T14:36:47+00:00\" \/>\n<meta name=\"twitter:card\" content=\"summary_large_image\" \/>\n<meta name=\"twitter:label1\" content=\"Ber\u00e4knad l\u00e4stid\" \/>\n\t<meta name=\"twitter:data1\" content=\"1 minut\" \/>\n<script type=\"application\/ld+json\" class=\"yoast-schema-graph\">{\"@context\":\"https:\/\/schema.org\",\"@graph\":[{\"@type\":\"WebPage\",\"@id\":\"https:\/\/www.landfjardens.se\/?page_id=37\",\"url\":\"https:\/\/www.landfjardens.se\/?page_id=37\",\"name\":\"Kontakt - Landfj\u00e4rdens Entreprenad AB\",\"isPartOf\":{\"@id\":\"https:\/\/www.landfjardens.se\/#website\"},\"datePublished\":\"2023-02-09T21:15:55+00:00\",\"dateModified\":\"2023-02-10T14:36:47+00:00\",\"description\":\"Kontakta oss f\u00f6r diskussioner om hur vi kan hj\u00e4lpa Er.\",\"breadcrumb\":{\"@id\":\"https:\/\/www.landfjardens.se\/?page_id=37#breadcrumb\"},\"inLanguage\":\"sv-SE\",\"potentialAction\":[{\"@type\":\"ReadAction\",\"target\":[\"https:\/\/www.landfjardens.se\/?page_id=37\"]}]},{\"@type\":\"BreadcrumbList\",\"@id\":\"https:\/\/www.landfjardens.se\/?page_id=37#breadcrumb\",\"itemListElement\":[{\"@type\":\"ListItem\",\"position\":1,\"name\":\"Home\",\"item\":\"https:\/\/www.landfjardens.se\/\"},{\"@type\":\"ListItem\",\"position\":2,\"name\":\"Kontakt\"}]},{\"@type\":\"WebSite\",\"@id\":\"https:\/\/www.landfjardens.se\/#website\",\"url\":\"https:\/\/www.landfjardens.se\/\",\"name\":\"Landfj\u00e4rdens Entreprenad AB\",\"description\":\"Allt inom Entreprenad och Sj\u00f6transport\",\"potentialAction\":[{\"@type\":\"SearchAction\",\"target\":{\"@type\":\"EntryPoint\",\"urlTemplate\":\"https:\/\/www.landfjardens.se\/?s={search_term_string}\"},\"query-input\":\"required name=search_term_string\"}],\"inLanguage\":\"sv-SE\"}]}<\/script>\n<!-- \/ Yoast SEO plugin. -->","yoast_head_json":{"title":"Kontakt - Landfj\u00e4rdens Entreprenad AB","description":"Kontakta oss f\u00f6r diskussioner om hur vi kan hj\u00e4lpa Er.","robots":{"index":"index","follow":"follow","max-snippet":"max-snippet:-1","max-image-preview":"max-image-preview:large","max-video-preview":"max-video-preview:-1"},"canonical":"https:\/\/www.landfjardens.se\/?page_id=37","og_locale":"sv_SE","og_type":"article","og_title":"Kontakt - Landfj\u00e4rdens Entreprenad AB","og_description":"Kontakta oss f\u00f6r diskussioner om hur vi kan hj\u00e4lpa Er.","og_url":"https:\/\/www.landfjardens.se\/?page_id=37","og_site_name":"Landfj\u00e4rdens Entreprenad AB","article_modified_time":"2023-02-10T14:36:47+00:00","twitter_card":"summary_large_image","twitter_misc":{"Ber\u00e4knad l\u00e4stid":"1 minut"},"schema":{"@context":"https:\/\/schema.org","@graph":[{"@type":"WebPage","@id":"https:\/\/www.landfjardens.se\/?page_id=37","url":"https:\/\/www.landfjardens.se\/?page_id=37","name":"Kontakt - Landfj\u00e4rdens Entreprenad AB","isPartOf":{"@id":"https:\/\/www.landfjardens.se\/#website"},"datePublished":"2023-02-09T21:15:55+00:00","dateModified":"2023-02-10T14:36:47+00:00","description":"Kontakta oss f\u00f6r diskussioner om hur vi kan hj\u00e4lpa Er.","breadcrumb":{"@id":"https:\/\/www.landfjardens.se\/?page_id=37#breadcrumb"},"inLanguage":"sv-SE","potentialAction":[{"@type":"ReadAction","target":["https:\/\/www.landfjardens.se\/?page_id=37"]}]},{"@type":"BreadcrumbList","@id":"https:\/\/www.landfjardens.se\/?page_id=37#breadcrumb","itemListElement":[{"@type":"ListItem","position":1,"name":"Home","item":"https:\/\/www.landfjardens.se\/"},{"@type":"ListItem","position":2,"name":"Kontakt"}]},{"@type":"WebSite","@id":"https:\/\/www.landfjardens.se\/#website","url":"https:\/\/www.landfjardens.se\/","name":"Landfj\u00e4rdens Entreprenad AB","description":"Allt inom Entreprenad och Sj\u00f6transport","potentialAction":[{"@type":"SearchAction","target":{"@type":"EntryPoint","urlTemplate":"https:\/\/www.landfjardens.se\/?s={search_term_string}"},"query-input":"required name=search_term_string"}],"inLanguage":"sv-SE"}]}},"_links":{"self":[{"href":"https:\/\/www.landfjardens.se\/index.php?rest_route=\/wp\/v2\/pages\/37"}],"collection":[{"href":"https:\/\/www.landfjardens.se\/index.php?rest_route=\/wp\/v2\/pages"}],"about":[{"href":"https:\/\/www.landfjardens.se\/index.php?rest_route=\/wp\/v2\/types\/page"}],"author":[{"embeddable":true,"href":"https:\/\/www.landfjardens.se\/index.php?rest_route=\/wp\/v2\/users\/1"}],"replies":[{"embeddable":true,"href":"https:\/\/www.landfjardens.se\/index.php?rest_route=%2Fwp%2Fv2%2Fcomments&post=37"}],"version-history":[{"count":5,"href":"https:\/\/www.landfjardens.se\/index.php?rest_route=\/wp\/v2\/pages\/37\/revisions"}],"predecessor-version":[{"id":45,"href":"https:\/\/www.landfjardens.se\/index.php?rest_route=\/wp\/v2\/pages\/37\/revisions\/45"}],"wp:attachment":[{"href":"https:\/\/www.landfjardens.se\/index.php?rest_route=%2Fwp%2Fv2%2Fmedia&parent=37"}],"curies":[{"name":"wp","href":"https:\/\/api.w.org\/{rel}","templated":true}]}}