{"id":15,"date":"2023-02-09T21:28:04","date_gmt":"2023-02-09T20:28:04","guid":{"rendered":"https:\/\/www.landfjardens.se\/?page_id=15"},"modified":"2023-02-12T17:01:51","modified_gmt":"2023-02-12T16:01:51","slug":"river-graver-spranger-bygger-markanlaggningar-sjotransport-bryggor-kajer","status":"publish","type":"page","link":"https:\/\/www.landfjardens.se\/","title":{"rendered":""},"content":{"rendered":"\n<h2><strong>River, Gr\u00e4ver, Spr\u00e4nger, Bygger, Markanl\u00e4ggningar, Sj\u00f6transport, Bryggor, Kajer<\/strong><\/h2>\n\n\n\n<p>Vi har funnits sedan 2003 och utf\u00f6r alla former av entreprenadarbeten. Vi har en gedigen maskinpark och \u00e4r bland annat specialister p\u00e5 arbeten ute i sk\u00e4rg\u00e5rden d\u00e4r tung sj\u00f6transport kr\u00e4vs.<\/p>\n\n\n\n<p><a href=\"https:\/\/www.landfjardens.se\/?page_id=28\">Kolla in v\u00e5r bildsida f\u00f6r bilder p\u00e5 jobb vi g\u00f6r.<\/a><br><a href=\"https:\/\/www.landfjardens.se\/?page_id=37\">Kontakta oss f\u00f6r diskussioner om hur vi kan hj\u00e4lpa Er.<\/a><br><\/p>\n\n\n\n<figure class=\"wp-block-image size-full\"><img decoding=\"async\" loading=\"lazy\" width=\"600\" height=\"339\" src=\"https:\/\/www.landfjardens.se\/wp-content\/uploads\/2023\/02\/IMG_15941-1.jpg\" alt=\"\" class=\"wp-image-364\" srcset=\"https:\/\/www.landfjardens.se\/wp-content\/uploads\/2023\/02\/IMG_15941-1.jpg 600w, https:\/\/www.landfjardens.se\/wp-content\/uploads\/2023\/02\/IMG_15941-1-300x170.jpg 300w, https:\/\/www.landfjardens.se\/wp-content\/uploads\/2023\/02\/IMG_15941-1-2x1.jpg 2w\" sizes=\"(max-width: 600px) 100vw, 600px\" \/><\/figure>\n","protected":false},"excerpt":{"rendered":"<p>River, Gr\u00e4ver, Spr\u00e4nger, Bygger, Markanl\u00e4ggningar, Sj\u00f6transport, Bryggor, Kajer Vi har funnits sedan 2003 och utf\u00f6r alla former av entreprenadarbeten. Vi har en gedigen maskinpark och \u00e4r bland annat specialister p\u00e5 arbeten ute i sk\u00e4rg\u00e5rden d\u00e4r tung sj\u00f6transport kr\u00e4vs. Kolla in v\u00e5r bildsida f\u00f6r bilder p\u00e5 jobb vi g\u00f6r.Kontakta oss f\u00f6r diskussioner om hur vi kan [&hellip;]<\/p>\n","protected":false},"author":1,"featured_media":0,"parent":0,"menu_order":0,"comment_status":"closed","ping_status":"closed","template":"","meta":{"_mi_skip_tracking":false,"ngg_post_thumbnail":0},"featured_image_urls":{"full":"","thumbnail":"","medium":"","medium_large":"","large":"","1536x1536":"","2048x2048":"","featured":"","100":"","frontpage-thumbnail":""},"post_excerpt_stackable":"<p>River, Gr\u00e4ver, Spr\u00e4nger, Bygger, Markanl\u00e4ggningar, Sj\u00f6transport, Bryggor, Kajer Vi har funnits sedan 2003 och utf\u00f6r alla former av entreprenadarbeten. Vi har en gedigen maskinpark och \u00e4r bland annat specialister p\u00e5 arbeten ute i sk\u00e4rg\u00e5rden d\u00e4r tung sj\u00f6transport kr\u00e4vs. Kolla in v\u00e5r bildsida f\u00f6r bilder p\u00e5 jobb vi g\u00f6r.Kontakta oss f\u00f6r diskussioner om hur vi kan hj\u00e4lpa Er.<\/p>\n","category_list":"","author_info":{"name":"@landfjardens","url":"https:\/\/www.landfjardens.se\/?author=1"},"comments_num":"0 comments","yoast_head":"<!-- This site is optimized with the Yoast SEO plugin v20.4 - https:\/\/yoast.com\/wordpress\/plugins\/seo\/ -->\n<title>- Landfj\u00e4rdens Entreprenad AB<\/title>\n<meta name=\"description\" content=\"Vi utf\u00f6r alla former av entreprenadarbeten. Vi har en gedigen maskinpark och \u00e4r bland annat specialister p\u00e5 arbeten ute i sk\u00e4rg\u00e5rden d\u00e4r tung sj\u00f6transport kr\u00e4vs.\" \/>\n<meta name=\"robots\" content=\"index, follow, max-snippet:-1, max-image-preview:large, max-video-preview:-1\" \/>\n<link rel=\"canonical\" href=\"https:\/\/www.landfjardens.se\/\" \/>\n<meta property=\"og:locale\" content=\"sv_SE\" \/>\n<meta property=\"og:type\" content=\"article\" \/>\n<meta property=\"og:title\" content=\"- Landfj\u00e4rdens Entreprenad AB\" \/>\n<meta property=\"og:description\" content=\"Vi utf\u00f6r alla former av entreprenadarbeten. Vi har en gedigen maskinpark och \u00e4r bland annat specialister p\u00e5 arbeten ute i sk\u00e4rg\u00e5rden d\u00e4r tung sj\u00f6transport kr\u00e4vs.\" \/>\n<meta property=\"og:url\" content=\"https:\/\/www.landfjardens.se\/\" \/>\n<meta property=\"og:site_name\" content=\"Landfj\u00e4rdens Entreprenad AB\" \/>\n<meta property=\"article:modified_time\" content=\"2023-02-12T16:01:51+00:00\" \/>\n<meta property=\"og:image\" content=\"https:\/\/www.landfjardens.se\/wp-content\/uploads\/2023\/02\/IMG_15941-1.jpg\" \/>\n<meta name=\"twitter:card\" content=\"summary_large_image\" \/>\n<meta name=\"twitter:label1\" content=\"Ber\u00e4knad l\u00e4stid\" \/>\n\t<meta name=\"twitter:data1\" content=\"1 minut\" \/>\n<script type=\"application\/ld+json\" class=\"yoast-schema-graph\">{\"@context\":\"https:\/\/schema.org\",\"@graph\":[{\"@type\":\"WebPage\",\"@id\":\"https:\/\/www.landfjardens.se\/\",\"url\":\"https:\/\/www.landfjardens.se\/\",\"name\":\"- Landfj\u00e4rdens Entreprenad AB\",\"isPartOf\":{\"@id\":\"https:\/\/www.landfjardens.se\/#website\"},\"datePublished\":\"2023-02-09T20:28:04+00:00\",\"dateModified\":\"2023-02-12T16:01:51+00:00\",\"description\":\"Vi utf\u00f6r alla former av entreprenadarbeten. Vi har en gedigen maskinpark och \u00e4r bland annat specialister p\u00e5 arbeten ute i sk\u00e4rg\u00e5rden d\u00e4r tung sj\u00f6transport kr\u00e4vs.\",\"inLanguage\":\"sv-SE\",\"potentialAction\":[{\"@type\":\"ReadAction\",\"target\":[\"https:\/\/www.landfjardens.se\/\"]}]},{\"@type\":\"WebSite\",\"@id\":\"https:\/\/www.landfjardens.se\/#website\",\"url\":\"https:\/\/www.landfjardens.se\/\",\"name\":\"Landfj\u00e4rdens Entreprenad AB\",\"description\":\"Allt inom Entreprenad och Sj\u00f6transport\",\"potentialAction\":[{\"@type\":\"SearchAction\",\"target\":{\"@type\":\"EntryPoint\",\"urlTemplate\":\"https:\/\/www.landfjardens.se\/?s={search_term_string}\"},\"query-input\":\"required name=search_term_string\"}],\"inLanguage\":\"sv-SE\"}]}<\/script>\n<!-- \/ Yoast SEO plugin. -->","yoast_head_json":{"title":"- Landfj\u00e4rdens Entreprenad AB","description":"Vi utf\u00f6r alla former av entreprenadarbeten. Vi har en gedigen maskinpark och \u00e4r bland annat specialister p\u00e5 arbeten ute i sk\u00e4rg\u00e5rden d\u00e4r tung sj\u00f6transport kr\u00e4vs.","robots":{"index":"index","follow":"follow","max-snippet":"max-snippet:-1","max-image-preview":"max-image-preview:large","max-video-preview":"max-video-preview:-1"},"canonical":"https:\/\/www.landfjardens.se\/","og_locale":"sv_SE","og_type":"article","og_title":"- Landfj\u00e4rdens Entreprenad AB","og_description":"Vi utf\u00f6r alla former av entreprenadarbeten. Vi har en gedigen maskinpark och \u00e4r bland annat specialister p\u00e5 arbeten ute i sk\u00e4rg\u00e5rden d\u00e4r tung sj\u00f6transport kr\u00e4vs.","og_url":"https:\/\/www.landfjardens.se\/","og_site_name":"Landfj\u00e4rdens Entreprenad AB","article_modified_time":"2023-02-12T16:01:51+00:00","og_image":[{"url":"https:\/\/www.landfjardens.se\/wp-content\/uploads\/2023\/02\/IMG_15941-1.jpg"}],"twitter_card":"summary_large_image","twitter_misc":{"Ber\u00e4knad l\u00e4stid":"1 minut"},"schema":{"@context":"https:\/\/schema.org","@graph":[{"@type":"WebPage","@id":"https:\/\/www.landfjardens.se\/","url":"https:\/\/www.landfjardens.se\/","name":"- Landfj\u00e4rdens Entreprenad AB","isPartOf":{"@id":"https:\/\/www.landfjardens.se\/#website"},"datePublished":"2023-02-09T20:28:04+00:00","dateModified":"2023-02-12T16:01:51+00:00","description":"Vi utf\u00f6r alla former av entreprenadarbeten. Vi har en gedigen maskinpark och \u00e4r bland annat specialister p\u00e5 arbeten ute i sk\u00e4rg\u00e5rden d\u00e4r tung sj\u00f6transport kr\u00e4vs.","inLanguage":"sv-SE","potentialAction":[{"@type":"ReadAction","target":["https:\/\/www.landfjardens.se\/"]}]},{"@type":"WebSite","@id":"https:\/\/www.landfjardens.se\/#website","url":"https:\/\/www.landfjardens.se\/","name":"Landfj\u00e4rdens Entreprenad AB","description":"Allt inom Entreprenad och Sj\u00f6transport","potentialAction":[{"@type":"SearchAction","target":{"@type":"EntryPoint","urlTemplate":"https:\/\/www.landfjardens.se\/?s={search_term_string}"},"query-input":"required name=search_term_string"}],"inLanguage":"sv-SE"}]}},"_links":{"self":[{"href":"https:\/\/www.landfjardens.se\/index.php?rest_route=\/wp\/v2\/pages\/15"}],"collection":[{"href":"https:\/\/www.landfjardens.se\/index.php?rest_route=\/wp\/v2\/pages"}],"about":[{"href":"https:\/\/www.landfjardens.se\/index.php?rest_route=\/wp\/v2\/types\/page"}],"author":[{"embeddable":true,"href":"https:\/\/www.landfjardens.se\/index.php?rest_route=\/wp\/v2\/users\/1"}],"replies":[{"embeddable":true,"href":"https:\/\/www.landfjardens.se\/index.php?rest_route=%2Fwp%2Fv2%2Fcomments&post=15"}],"version-history":[{"count":6,"href":"https:\/\/www.landfjardens.se\/index.php?rest_route=\/wp\/v2\/pages\/15\/revisions"}],"predecessor-version":[{"id":366,"href":"https:\/\/www.landfjardens.se\/index.php?rest_route=\/wp\/v2\/pages\/15\/revisions\/366"}],"wp:attachment":[{"href":"https:\/\/www.landfjardens.se\/index.php?rest_route=%2Fwp%2Fv2%2Fmedia&parent=15"}],"curies":[{"name":"wp","href":"https:\/\/api.w.org\/{rel}","templated":true}]}}